{"id":1460,"date":"2025-06-30T15:34:50","date_gmt":"2025-06-30T15:34:50","guid":{"rendered":"https:\/\/homecare.farmaciepedroni.com\/?post_type=product&#038;p=1460"},"modified":"2025-06-30T15:34:50","modified_gmt":"2025-06-30T15:34:50","slug":"covidien-dar-ref-331-5661-catetere-mount","status":"publish","type":"product","link":"https:\/\/homecare.farmaciepedroni.com\/?product=covidien-dar-ref-331-5661-catetere-mount","title":{"rendered":"Covidien\u2122 &#8211; DAR\u2122 REF: 331\/5661 Catetere Mount"},"content":{"rendered":"<p>I tipi di attacco per catetere DAR sono realizzati in materiale PVC adatto alla salute. \u00c8 usato in pazienti con cannula tracheostomica. Il catetere \u00e8 montato con un soffietto. La lunghezza \u00e8 di 16 cm. Confezione sterile.<\/p>\n","protected":false},"excerpt":{"rendered":"<p>I tipi di attacco per catetere DAR sono realizzati in materiale PVC adatto alla salute. \u00c8 usato in pazienti con&hellip;<\/p>\n","protected":false},"featured_media":0,"template":"","meta":[],"product_brand":[],"product_cat":[45],"product_tag":[],"class_list":{"0":"post-1460","1":"product","2":"type-product","3":"status-publish","5":"product_cat-gestione-vie-aeree","7":"first","8":"instock","9":"shipping-taxable","10":"purchasable","11":"product-type-simple"},"_links":{"self":[{"href":"https:\/\/homecare.farmaciepedroni.com\/index.php?rest_route=\/wp\/v2\/product\/1460","targetHints":{"allow":["GET"]}}],"collection":[{"href":"https:\/\/homecare.farmaciepedroni.com\/index.php?rest_route=\/wp\/v2\/product"}],"about":[{"href":"https:\/\/homecare.farmaciepedroni.com\/index.php?rest_route=\/wp\/v2\/types\/product"}],"wp:attachment":[{"href":"https:\/\/homecare.farmaciepedroni.com\/index.php?rest_route=%2Fwp%2Fv2%2Fmedia&parent=1460"}],"wp:term":[{"taxonomy":"product_brand","embeddable":true,"href":"https:\/\/homecare.farmaciepedroni.com\/index.php?rest_route=%2Fwp%2Fv2%2Fproduct_brand&post=1460"},{"taxonomy":"product_cat","embeddable":true,"href":"https:\/\/homecare.farmaciepedroni.com\/index.php?rest_route=%2Fwp%2Fv2%2Fproduct_cat&post=1460"},{"taxonomy":"product_tag","embeddable":true,"href":"https:\/\/homecare.farmaciepedroni.com\/index.php?rest_route=%2Fwp%2Fv2%2Fproduct_tag&post=1460"}],"curies":[{"name":"wp","href":"https:\/\/api.w.org\/{rel}","templated":true}]}}