{"id":1445,"date":"2025-06-30T15:27:34","date_gmt":"2025-06-30T15:27:34","guid":{"rendered":"https:\/\/homecare.farmaciepedroni.com\/?post_type=product&#038;p=1445"},"modified":"2025-06-30T15:27:34","modified_gmt":"2025-06-30T15:27:34","slug":"flocare-perfusor-tube-con-filo-guida","status":"publish","type":"product","link":"https:\/\/homecare.farmaciepedroni.com\/?product=flocare-perfusor-tube-con-filo-guida","title":{"rendered":"Flocare\u00ae perfusor tube con filo guida"},"content":{"rendered":"<p>Flocare PUR NG-ENFit \u00e8 un tubo in poliuretano trasparente con 3 linee radio-opache bianche e segni di centimetro, il tubo PUR Flocare \u00e8 un tubo nasale che \u00e8 facile da inserire e posizionare con precisione. Caratteristiche: materiali privi di lattice e DEHP, punta aperta arrotondata per un facile inserimento, con uscite laterali e distali, filo guida siliconato, disponibile con connettore ENFit<\/p>\n<p>Dimensioni: CH 10 &#8211; 90 cm &#8211; \u00f8 3.33<\/p>\n","protected":false},"excerpt":{"rendered":"<p>Flocare PUR NG-ENFit \u00e8 un tubo in poliuretano trasparente con 3 linee radio-opache bianche e segni di centimetro, il tubo&hellip;<\/p>\n","protected":false},"featured_media":0,"template":"","meta":[],"product_brand":[],"product_cat":[42,44],"product_tag":[],"class_list":{"0":"post-1445","1":"product","2":"type-product","3":"status-publish","5":"product_cat-materiale-cateterismo","6":"product_cat-nutrizione-enterale","8":"first","9":"instock","10":"shipping-taxable","11":"purchasable","12":"product-type-simple"},"_links":{"self":[{"href":"https:\/\/homecare.farmaciepedroni.com\/index.php?rest_route=\/wp\/v2\/product\/1445","targetHints":{"allow":["GET"]}}],"collection":[{"href":"https:\/\/homecare.farmaciepedroni.com\/index.php?rest_route=\/wp\/v2\/product"}],"about":[{"href":"https:\/\/homecare.farmaciepedroni.com\/index.php?rest_route=\/wp\/v2\/types\/product"}],"wp:attachment":[{"href":"https:\/\/homecare.farmaciepedroni.com\/index.php?rest_route=%2Fwp%2Fv2%2Fmedia&parent=1445"}],"wp:term":[{"taxonomy":"product_brand","embeddable":true,"href":"https:\/\/homecare.farmaciepedroni.com\/index.php?rest_route=%2Fwp%2Fv2%2Fproduct_brand&post=1445"},{"taxonomy":"product_cat","embeddable":true,"href":"https:\/\/homecare.farmaciepedroni.com\/index.php?rest_route=%2Fwp%2Fv2%2Fproduct_cat&post=1445"},{"taxonomy":"product_tag","embeddable":true,"href":"https:\/\/homecare.farmaciepedroni.com\/index.php?rest_route=%2Fwp%2Fv2%2Fproduct_tag&post=1445"}],"curies":[{"name":"wp","href":"https:\/\/api.w.org\/{rel}","templated":true}]}}