{"id":1425,"date":"2025-06-30T14:55:56","date_gmt":"2025-06-30T14:55:56","guid":{"rendered":"https:\/\/homecare.farmaciepedroni.com\/?post_type=product&#038;p=1425"},"modified":"2025-06-30T14:55:57","modified_gmt":"2025-06-30T14:55:57","slug":"flocare-infinity-pompa","status":"publish","type":"product","link":"https:\/\/homecare.farmaciepedroni.com\/?product=flocare-infinity-pompa","title":{"rendered":"Flocare\u00ae Infinity\u2122 pompa"},"content":{"rendered":"<p>La pompa Flocare\u00ae Infinity\u2122 fornisce in modo sicuro e accurato un regime nutrizionale senza compromettere la qualit\u00e0 della vita. La Flocare\u00ae Infinity\u2122 \u00e8 costruito per semplificare l&#8217;esperienza di alimentazione enterale. \u00c8 lavabile sotto l&#8217;acqua corrente e pu\u00f2 essere utilizzato in qualsiasi orientamento, offrendo il meglio in accuratezza e sicurezza.<\/p>\n","protected":false},"excerpt":{"rendered":"<p>La pompa Flocare\u00ae Infinity\u2122 fornisce in modo sicuro e accurato un regime nutrizionale senza compromettere la qualit\u00e0 della vita. La&hellip;<\/p>\n","protected":false},"featured_media":0,"template":"","meta":[],"product_brand":[],"product_cat":[44],"product_tag":[],"class_list":{"0":"post-1425","1":"product","2":"type-product","3":"status-publish","5":"product_cat-nutrizione-enterale","7":"first","8":"instock","9":"shipping-taxable","10":"purchasable","11":"product-type-simple"},"_links":{"self":[{"href":"https:\/\/homecare.farmaciepedroni.com\/index.php?rest_route=\/wp\/v2\/product\/1425","targetHints":{"allow":["GET"]}}],"collection":[{"href":"https:\/\/homecare.farmaciepedroni.com\/index.php?rest_route=\/wp\/v2\/product"}],"about":[{"href":"https:\/\/homecare.farmaciepedroni.com\/index.php?rest_route=\/wp\/v2\/types\/product"}],"wp:attachment":[{"href":"https:\/\/homecare.farmaciepedroni.com\/index.php?rest_route=%2Fwp%2Fv2%2Fmedia&parent=1425"}],"wp:term":[{"taxonomy":"product_brand","embeddable":true,"href":"https:\/\/homecare.farmaciepedroni.com\/index.php?rest_route=%2Fwp%2Fv2%2Fproduct_brand&post=1425"},{"taxonomy":"product_cat","embeddable":true,"href":"https:\/\/homecare.farmaciepedroni.com\/index.php?rest_route=%2Fwp%2Fv2%2Fproduct_cat&post=1425"},{"taxonomy":"product_tag","embeddable":true,"href":"https:\/\/homecare.farmaciepedroni.com\/index.php?rest_route=%2Fwp%2Fv2%2Fproduct_tag&post=1425"}],"curies":[{"name":"wp","href":"https:\/\/api.w.org\/{rel}","templated":true}]}}