{"id":1297,"date":"2025-06-30T11:49:07","date_gmt":"2025-06-30T11:49:07","guid":{"rendered":"https:\/\/homecare.farmaciepedroni.com\/?post_type=product&#038;p=1297"},"modified":"2025-06-30T11:49:07","modified_gmt":"2025-06-30T11:49:07","slug":"bbraun-prontosan","status":"publish","type":"product","link":"https:\/\/homecare.farmaciepedroni.com\/?product=bbraun-prontosan","title":{"rendered":"BBraun &#8211; Prontosan\u00ae"},"content":{"rendered":"<p>L\u2019esclusiva combinazione di betaina e poliesanide in Prontosan\u00ae ha un doppio effetto dimostrato sul condizionamento ottimale del letto di ferita. La betaina \u00e8 un tensioattivo efficace e particolarmente ben tollerato che disgrega il biofilm e scioglie le patine riducendo cos\u00ec la contaminazione della superficie della ferita da parte di batteri e detriti cellulari. La PHMB \u00e8 una sostanza antimicrobica efficace e straordinariamente ben tollerata che inibisce la crescita dei microorganismi e riduce la patina (bioburden). La PHMB si contraddistingue per la sua interazione elettrostatica aspecifica con le pareti cellulari dei batteri. Ci\u00f2 rende possibile la tollerabilit\u00e0 elevata senza formazione di resistenze. La guarigione della ferita risulta favorita ed accelerata. Soluzione pronta all\u2019uso con poliesanide e betaina \u00b7 Deterge e umetta ferite acute e croniche nonch\u00e9 ustioni di grado 1 e 2 . Scioglie le patine di fibrina salvaguardando i tessuti, disgrega i biofilm e impedisce la riformazione dei biofilm, distacca i residui di medicazioni. Ideale per la preparazione del letto di ferita, non interferisce con la granulazione ed epitelizzazione, tollerabilit\u00e0 elevata per cellule e tessuti, per l\u2019uso ripetuto e a lungo termine, conservabilit\u00e0: 8 settimane dall\u2019apertura. Disponibili in confezioni monouso da 40 ml<\/p>\n","protected":false},"excerpt":{"rendered":"<p>L\u2019esclusiva combinazione di betaina e poliesanide in Prontosan\u00ae ha un doppio effetto dimostrato sul condizionamento ottimale del letto di ferita.&hellip;<\/p>\n","protected":false},"featured_media":0,"template":"","meta":[],"product_brand":[],"product_cat":[47],"product_tag":[],"class_list":{"0":"post-1297","1":"product","2":"type-product","3":"status-publish","5":"product_cat-cerotti-e-sistemi-di-fissaggio","7":"first","8":"instock","9":"shipping-taxable","10":"purchasable","11":"product-type-simple"},"_links":{"self":[{"href":"https:\/\/homecare.farmaciepedroni.com\/index.php?rest_route=\/wp\/v2\/product\/1297","targetHints":{"allow":["GET"]}}],"collection":[{"href":"https:\/\/homecare.farmaciepedroni.com\/index.php?rest_route=\/wp\/v2\/product"}],"about":[{"href":"https:\/\/homecare.farmaciepedroni.com\/index.php?rest_route=\/wp\/v2\/types\/product"}],"wp:attachment":[{"href":"https:\/\/homecare.farmaciepedroni.com\/index.php?rest_route=%2Fwp%2Fv2%2Fmedia&parent=1297"}],"wp:term":[{"taxonomy":"product_brand","embeddable":true,"href":"https:\/\/homecare.farmaciepedroni.com\/index.php?rest_route=%2Fwp%2Fv2%2Fproduct_brand&post=1297"},{"taxonomy":"product_cat","embeddable":true,"href":"https:\/\/homecare.farmaciepedroni.com\/index.php?rest_route=%2Fwp%2Fv2%2Fproduct_cat&post=1297"},{"taxonomy":"product_tag","embeddable":true,"href":"https:\/\/homecare.farmaciepedroni.com\/index.php?rest_route=%2Fwp%2Fv2%2Fproduct_tag&post=1297"}],"curies":[{"name":"wp","href":"https:\/\/api.w.org\/{rel}","templated":true}]}}