{"id":1292,"date":"2025-06-30T11:45:43","date_gmt":"2025-06-30T11:45:43","guid":{"rendered":"https:\/\/homecare.farmaciepedroni.com\/?post_type=product&#038;p=1292"},"modified":"2025-06-30T11:45:43","modified_gmt":"2025-06-30T11:45:43","slug":"3m-medipore-pad-medicazione-adesiva-sterile","status":"publish","type":"product","link":"https:\/\/homecare.farmaciepedroni.com\/?product=3m-medipore-pad-medicazione-adesiva-sterile","title":{"rendered":"3M\u2122 &#8211; Medipore\u2122 + Pad medicazione adesiva sterile"},"content":{"rendered":"<p>3M Medipore+Pad\u2122 \u00e8 una medicazione sterile morbida e conformabile per ferite chirurgiche, abrasioni, lacerazioni e ustioni; ideale in tutti i casi di ferite secernenti dove sia richiesta l\u2019azione assorbente del tampone. Supporto poroso e conformabile che rispetta le funzioni fisiologiche della cute, riducendo il rischio di macerazione e consentendo libert\u00e0 nei movimenti; parte adesiva costituita da miscela di acrilati che garantisce ipoallergenicit\u00e0, buoni valori di adesivit\u00e0 e una rimozione atraumatica del cerotto senza lasciare residui; tampone assorbente in fibre di rayon con film in polietilene che non aderisce alla ferita e garantisce un\u2019elevata capacit\u00e0 di assorbimento. Disponibile nelle dimensioni: 10 X 10 cm<\/p>\n","protected":false},"excerpt":{"rendered":"<p>3M Medipore+Pad\u2122 \u00e8 una medicazione sterile morbida e conformabile per ferite chirurgiche, abrasioni, lacerazioni e ustioni; ideale in tutti i&hellip;<\/p>\n","protected":false},"featured_media":0,"template":"","meta":[],"product_brand":[],"product_cat":[47],"product_tag":[],"class_list":{"0":"post-1292","1":"product","2":"type-product","3":"status-publish","5":"product_cat-cerotti-e-sistemi-di-fissaggio","7":"first","8":"instock","9":"shipping-taxable","10":"purchasable","11":"product-type-simple"},"_links":{"self":[{"href":"https:\/\/homecare.farmaciepedroni.com\/index.php?rest_route=\/wp\/v2\/product\/1292","targetHints":{"allow":["GET"]}}],"collection":[{"href":"https:\/\/homecare.farmaciepedroni.com\/index.php?rest_route=\/wp\/v2\/product"}],"about":[{"href":"https:\/\/homecare.farmaciepedroni.com\/index.php?rest_route=\/wp\/v2\/types\/product"}],"wp:attachment":[{"href":"https:\/\/homecare.farmaciepedroni.com\/index.php?rest_route=%2Fwp%2Fv2%2Fmedia&parent=1292"}],"wp:term":[{"taxonomy":"product_brand","embeddable":true,"href":"https:\/\/homecare.farmaciepedroni.com\/index.php?rest_route=%2Fwp%2Fv2%2Fproduct_brand&post=1292"},{"taxonomy":"product_cat","embeddable":true,"href":"https:\/\/homecare.farmaciepedroni.com\/index.php?rest_route=%2Fwp%2Fv2%2Fproduct_cat&post=1292"},{"taxonomy":"product_tag","embeddable":true,"href":"https:\/\/homecare.farmaciepedroni.com\/index.php?rest_route=%2Fwp%2Fv2%2Fproduct_tag&post=1292"}],"curies":[{"name":"wp","href":"https:\/\/api.w.org\/{rel}","templated":true}]}}