{"id":1287,"date":"2025-06-30T11:44:24","date_gmt":"2025-06-30T11:44:24","guid":{"rendered":"https:\/\/homecare.farmaciepedroni.com\/?post_type=product&#038;p=1287"},"modified":"2025-06-30T11:44:24","modified_gmt":"2025-06-30T11:44:24","slug":"molnlycke-mepilex-border-lite","status":"publish","type":"product","link":"https:\/\/homecare.farmaciepedroni.com\/?product=molnlycke-mepilex-border-lite","title":{"rendered":"M\u00f6lnlycke\u00ae &#8211; Mepilex\u00ae Border Lite"},"content":{"rendered":"<p>Mepilex\u00ae Border Lite \u00e8 una medicazione \u201call-in-one\u201d in schiuma di poliuretano sottile per lesioni scarsamente essudanti. Il suo design discreto la rende estremamente confortevole da indossare. La sua struttura sottile \u00e8 estremamente flessibile, il che rende questa medicazione efficace per la gestione di ferite in aree difficili, quali mani, piedi e dita. Questa medicazione include Safetac\u00ae, l\u2019originale strato di contatto in silicone adesivo che riduce al minimo il dolore. \u00c8 stato concepito per adattarsi delicatamente alla pelle senza attaccarsi alla ferita umida affinch\u00e9 possa essere rimosso facilmente senza danneggiare la cute . Ci\u00f2 significa meno dolore per i pazienti. Pu\u00f2 essere riposizionata senza comprometterne il potere adesivo. I pazienti possono indossarla anche durante la doccia. Sottile e conformabile, ideale per la medicazione di ferite su mani, piedi e dita. Resistente all\u2019acqua offre una barriera contro virus e batteri (di dimensioni &gt;25nm).<\/p>\n","protected":false},"excerpt":{"rendered":"<p>Mepilex\u00ae Border Lite \u00e8 una medicazione \u201call-in-one\u201d in schiuma di poliuretano sottile per lesioni scarsamente essudanti. Il suo design discreto&hellip;<\/p>\n","protected":false},"featured_media":0,"template":"","meta":[],"product_brand":[],"product_cat":[47],"product_tag":[],"class_list":{"0":"post-1287","1":"product","2":"type-product","3":"status-publish","5":"product_cat-cerotti-e-sistemi-di-fissaggio","7":"first","8":"instock","9":"shipping-taxable","10":"purchasable","11":"product-type-variable"},"_links":{"self":[{"href":"https:\/\/homecare.farmaciepedroni.com\/index.php?rest_route=\/wp\/v2\/product\/1287","targetHints":{"allow":["GET"]}}],"collection":[{"href":"https:\/\/homecare.farmaciepedroni.com\/index.php?rest_route=\/wp\/v2\/product"}],"about":[{"href":"https:\/\/homecare.farmaciepedroni.com\/index.php?rest_route=\/wp\/v2\/types\/product"}],"wp:attachment":[{"href":"https:\/\/homecare.farmaciepedroni.com\/index.php?rest_route=%2Fwp%2Fv2%2Fmedia&parent=1287"}],"wp:term":[{"taxonomy":"product_brand","embeddable":true,"href":"https:\/\/homecare.farmaciepedroni.com\/index.php?rest_route=%2Fwp%2Fv2%2Fproduct_brand&post=1287"},{"taxonomy":"product_cat","embeddable":true,"href":"https:\/\/homecare.farmaciepedroni.com\/index.php?rest_route=%2Fwp%2Fv2%2Fproduct_cat&post=1287"},{"taxonomy":"product_tag","embeddable":true,"href":"https:\/\/homecare.farmaciepedroni.com\/index.php?rest_route=%2Fwp%2Fv2%2Fproduct_tag&post=1287"}],"curies":[{"name":"wp","href":"https:\/\/api.w.org\/{rel}","templated":true}]}}