{"id":1283,"date":"2025-06-30T11:40:42","date_gmt":"2025-06-30T11:40:42","guid":{"rendered":"https:\/\/homecare.farmaciepedroni.com\/?post_type=product&#038;p=1283"},"modified":"2025-06-30T11:40:42","modified_gmt":"2025-06-30T11:40:42","slug":"smith-nephew-bactigras","status":"publish","type":"product","link":"https:\/\/homecare.farmaciepedroni.com\/?product=smith-nephew-bactigras","title":{"rendered":"Smith &#038; Nephew &#8211; Bactigras"},"content":{"rendered":"<p>Bactigras \u00e8 una medicazione sterile costituita da una garza in cotone ad armatura aperta uniformemente impregnata con vaselina bianca che contiene clorexidina acetato allo 0.5%. La clorexidina \u00e8 un antisettico di provata efficacia verso un ampio spettro di batteri Gram-positivi e Gram-negativi. In corso d&#8217;uso non si \u00e8 evidenziato alcun tipo di resistenza crociata e fenomeni di sensibilizzazione sono estremamente rari. Bactigras, medicazione di contatto a bassa aderenza, \u00e8 indicato per il trattamento di tutte le ferite esposte a rischio di infezione. Su ferite gi\u00e0 infette pu\u00f2 essere utilizzato in associazione ad antibatterici topici o sistemici. La medicazione \u00e8 disponibile in pi\u00f9 misure, inoltre pu\u00f2 essere facilmente tagliata in tutte le forme desiderate mantenendola tra le due carte protettive. Disponibile nelle misure: 10 X 10 cm<\/p>\n","protected":false},"excerpt":{"rendered":"<p>Bactigras \u00e8 una medicazione sterile costituita da una garza in cotone ad armatura aperta uniformemente impregnata con vaselina bianca che&hellip;<\/p>\n","protected":false},"featured_media":0,"template":"","meta":[],"product_brand":[],"product_cat":[47],"product_tag":[],"class_list":{"0":"post-1283","1":"product","2":"type-product","3":"status-publish","5":"product_cat-cerotti-e-sistemi-di-fissaggio","7":"first","8":"instock","9":"shipping-taxable","10":"purchasable","11":"product-type-simple"},"_links":{"self":[{"href":"https:\/\/homecare.farmaciepedroni.com\/index.php?rest_route=\/wp\/v2\/product\/1283","targetHints":{"allow":["GET"]}}],"collection":[{"href":"https:\/\/homecare.farmaciepedroni.com\/index.php?rest_route=\/wp\/v2\/product"}],"about":[{"href":"https:\/\/homecare.farmaciepedroni.com\/index.php?rest_route=\/wp\/v2\/types\/product"}],"wp:attachment":[{"href":"https:\/\/homecare.farmaciepedroni.com\/index.php?rest_route=%2Fwp%2Fv2%2Fmedia&parent=1283"}],"wp:term":[{"taxonomy":"product_brand","embeddable":true,"href":"https:\/\/homecare.farmaciepedroni.com\/index.php?rest_route=%2Fwp%2Fv2%2Fproduct_brand&post=1283"},{"taxonomy":"product_cat","embeddable":true,"href":"https:\/\/homecare.farmaciepedroni.com\/index.php?rest_route=%2Fwp%2Fv2%2Fproduct_cat&post=1283"},{"taxonomy":"product_tag","embeddable":true,"href":"https:\/\/homecare.farmaciepedroni.com\/index.php?rest_route=%2Fwp%2Fv2%2Fproduct_tag&post=1283"}],"curies":[{"name":"wp","href":"https:\/\/api.w.org\/{rel}","templated":true}]}}