{"id":1278,"date":"2025-06-30T11:37:37","date_gmt":"2025-06-30T11:37:37","guid":{"rendered":"https:\/\/homecare.farmaciepedroni.com\/?post_type=product&#038;p=1278"},"modified":"2025-06-30T11:37:38","modified_gmt":"2025-06-30T11:37:38","slug":"molnlycke-mepilex-xt-with-safetac-technology","status":"publish","type":"product","link":"https:\/\/homecare.farmaciepedroni.com\/?product=molnlycke-mepilex-xt-with-safetac-technology","title":{"rendered":"M\u00f6lnlycke\u00ae &#8211; Mepilex\u00ae XT With safetac\u00ae Technology"},"content":{"rendered":"<p>La medicazione in schiuma Mepilex\u00ae XT \u00e8 concepita per le ferite moderatamente essudanti. \u00c8 in grado di gestire una maggiore quantit\u00e0 di fluidi e assorbe pi\u00f9 rapidamente rispetto ad altre medicazioni. \u00c8 conformabile e versatile e si pu\u00f2 usare per trattare ferite con essudato normale e viscoso, in qualsiasi ferita essudante in via di guarigione. Mepilex XT include il nostro strato di contatto con la ferita Safetac\u00ae. Safetac protegge il nuovo tessuto e la cute integra, senza disturbare la ferita, accelerandone la naturale guarigione. Inoltre, sigilla i bordi della ferita per proteggere la cute da fuoriuscite di essudato e dalla macerazione.<br \/>\nDisponibile nelle dimensioni: 10 X 10 cm<\/p>\n","protected":false},"excerpt":{"rendered":"<p>La medicazione in schiuma Mepilex\u00ae XT \u00e8 concepita per le ferite moderatamente essudanti. \u00c8 in grado di gestire una maggiore&hellip;<\/p>\n","protected":false},"featured_media":0,"template":"","meta":[],"product_brand":[],"product_cat":[47],"product_tag":[],"class_list":{"0":"post-1278","1":"product","2":"type-product","3":"status-publish","5":"product_cat-cerotti-e-sistemi-di-fissaggio","7":"first","8":"instock","9":"shipping-taxable","10":"purchasable","11":"product-type-simple"},"_links":{"self":[{"href":"https:\/\/homecare.farmaciepedroni.com\/index.php?rest_route=\/wp\/v2\/product\/1278","targetHints":{"allow":["GET"]}}],"collection":[{"href":"https:\/\/homecare.farmaciepedroni.com\/index.php?rest_route=\/wp\/v2\/product"}],"about":[{"href":"https:\/\/homecare.farmaciepedroni.com\/index.php?rest_route=\/wp\/v2\/types\/product"}],"wp:attachment":[{"href":"https:\/\/homecare.farmaciepedroni.com\/index.php?rest_route=%2Fwp%2Fv2%2Fmedia&parent=1278"}],"wp:term":[{"taxonomy":"product_brand","embeddable":true,"href":"https:\/\/homecare.farmaciepedroni.com\/index.php?rest_route=%2Fwp%2Fv2%2Fproduct_brand&post=1278"},{"taxonomy":"product_cat","embeddable":true,"href":"https:\/\/homecare.farmaciepedroni.com\/index.php?rest_route=%2Fwp%2Fv2%2Fproduct_cat&post=1278"},{"taxonomy":"product_tag","embeddable":true,"href":"https:\/\/homecare.farmaciepedroni.com\/index.php?rest_route=%2Fwp%2Fv2%2Fproduct_tag&post=1278"}],"curies":[{"name":"wp","href":"https:\/\/api.w.org\/{rel}","templated":true}]}}