{"id":1242,"date":"2025-06-30T09:58:34","date_gmt":"2025-06-30T09:58:34","guid":{"rendered":"https:\/\/homecare.farmaciepedroni.com\/?post_type=product&#038;p=1242"},"modified":"2025-06-30T09:58:34","modified_gmt":"2025-06-30T09:58:34","slug":"molnlycke-tubifast2-way-stretch","status":"publish","type":"product","link":"https:\/\/homecare.farmaciepedroni.com\/?product=molnlycke-tubifast2-way-stretch","title":{"rendered":"M\u00f6lnlycke &#8211; Tubifast\u00ae2-Way Stretch \u2122"},"content":{"rendered":"<p>Benda tubolare che si estende in entrambe le direzioni radiale e longitudinale. Tubifast\u00ae 2-Way Stretch \u2122 \u00e8 un bendaggio tubolare elasticizzato leggero con stiramento radiale e longitudinale. \u00c8 ideale per la fissazione della medicazione e come rivestimento della pelle per qualsiasi parte del corpo. La benda pu\u00f2 essere utilizzata anche per il confezionamento di patch e come una calza sotto-cast. \u00c8 rapido e facile da usare, con una ridotta sfilacciatura rispetto alle tradizionali bende tubolari.<\/p>\n","protected":false},"excerpt":{"rendered":"<p>Benda tubolare che si estende in entrambe le direzioni radiale e longitudinale. Tubifast\u00ae 2-Way Stretch \u2122 \u00e8 un bendaggio tubolare&hellip;<\/p>\n","protected":false},"featured_media":0,"template":"","meta":[],"product_brand":[],"product_cat":[47],"product_tag":[],"class_list":{"0":"post-1242","1":"product","2":"type-product","3":"status-publish","5":"product_cat-cerotti-e-sistemi-di-fissaggio","7":"first","8":"instock","9":"shipping-taxable","10":"purchasable","11":"product-type-variable"},"_links":{"self":[{"href":"https:\/\/homecare.farmaciepedroni.com\/index.php?rest_route=\/wp\/v2\/product\/1242","targetHints":{"allow":["GET"]}}],"collection":[{"href":"https:\/\/homecare.farmaciepedroni.com\/index.php?rest_route=\/wp\/v2\/product"}],"about":[{"href":"https:\/\/homecare.farmaciepedroni.com\/index.php?rest_route=\/wp\/v2\/types\/product"}],"wp:attachment":[{"href":"https:\/\/homecare.farmaciepedroni.com\/index.php?rest_route=%2Fwp%2Fv2%2Fmedia&parent=1242"}],"wp:term":[{"taxonomy":"product_brand","embeddable":true,"href":"https:\/\/homecare.farmaciepedroni.com\/index.php?rest_route=%2Fwp%2Fv2%2Fproduct_brand&post=1242"},{"taxonomy":"product_cat","embeddable":true,"href":"https:\/\/homecare.farmaciepedroni.com\/index.php?rest_route=%2Fwp%2Fv2%2Fproduct_cat&post=1242"},{"taxonomy":"product_tag","embeddable":true,"href":"https:\/\/homecare.farmaciepedroni.com\/index.php?rest_route=%2Fwp%2Fv2%2Fproduct_tag&post=1242"}],"curies":[{"name":"wp","href":"https:\/\/api.w.org\/{rel}","templated":true}]}}