{"id":1233,"date":"2025-06-30T09:56:14","date_gmt":"2025-06-30T09:56:14","guid":{"rendered":"https:\/\/homecare.farmaciepedroni.com\/?post_type=product&#038;p=1233"},"modified":"2025-06-30T09:56:36","modified_gmt":"2025-06-30T09:56:36","slug":"molnlycke-mefix","status":"publish","type":"product","link":"https:\/\/homecare.farmaciepedroni.com\/?product=molnlycke-mefix","title":{"rendered":"M\u00f6lnlycke &#8211; Mefix\u00ae"},"content":{"rendered":"<p>La struttura porosa del tessuto non tessuto assicura la permeabilit\u00e0 ad aria e vapore acqueo. Il tessuto \u00e8 flessibile, si conforma bene alle aree da trattare e garantisce facilit\u00e0 di movimento quando \u00e8 in situ. Il supporto in tessuto non tessuto \u00e8 una barriera al passaggio dei liquidi. L&#8217;adesivo in poliacrilato a base acquosa \u00e8 studiato per essere delicato sulla cute e al contempo garantire un fissaggio sicuro. La pellicola protettiva, facile da rimuovere, \u00e8 pre-misurata in intervalli di 10 cm e presenta un taglio &#8220;ad onda&#8221; per facilitare rimozione e applicazione. Mefix pu\u00f2 essere tagliato con facilit\u00e0 della misura desiderata, secondo necessit\u00e0.<\/p>\n","protected":false},"excerpt":{"rendered":"<p>La struttura porosa del tessuto non tessuto assicura la permeabilit\u00e0 ad aria e vapore acqueo. Il tessuto \u00e8 flessibile, si&hellip;<\/p>\n","protected":false},"featured_media":0,"template":"","meta":[],"product_brand":[],"product_cat":[47],"product_tag":[],"class_list":{"0":"post-1233","1":"product","2":"type-product","3":"status-publish","5":"product_cat-cerotti-e-sistemi-di-fissaggio","7":"first","8":"instock","9":"shipping-taxable","10":"purchasable","11":"product-type-variable"},"_links":{"self":[{"href":"https:\/\/homecare.farmaciepedroni.com\/index.php?rest_route=\/wp\/v2\/product\/1233","targetHints":{"allow":["GET"]}}],"collection":[{"href":"https:\/\/homecare.farmaciepedroni.com\/index.php?rest_route=\/wp\/v2\/product"}],"about":[{"href":"https:\/\/homecare.farmaciepedroni.com\/index.php?rest_route=\/wp\/v2\/types\/product"}],"wp:attachment":[{"href":"https:\/\/homecare.farmaciepedroni.com\/index.php?rest_route=%2Fwp%2Fv2%2Fmedia&parent=1233"}],"wp:term":[{"taxonomy":"product_brand","embeddable":true,"href":"https:\/\/homecare.farmaciepedroni.com\/index.php?rest_route=%2Fwp%2Fv2%2Fproduct_brand&post=1233"},{"taxonomy":"product_cat","embeddable":true,"href":"https:\/\/homecare.farmaciepedroni.com\/index.php?rest_route=%2Fwp%2Fv2%2Fproduct_cat&post=1233"},{"taxonomy":"product_tag","embeddable":true,"href":"https:\/\/homecare.farmaciepedroni.com\/index.php?rest_route=%2Fwp%2Fv2%2Fproduct_tag&post=1233"}],"curies":[{"name":"wp","href":"https:\/\/api.w.org\/{rel}","templated":true}]}}