{"id":1222,"date":"2025-06-30T09:42:06","date_gmt":"2025-06-30T09:42:06","guid":{"rendered":"https:\/\/homecare.farmaciepedroni.com\/?post_type=product&#038;p=1222"},"modified":"2025-06-30T09:42:42","modified_gmt":"2025-06-30T09:42:42","slug":"oncomedical-jetcan-safe-ii-sa-non-carotante","status":"publish","type":"product","link":"https:\/\/homecare.farmaciepedroni.com\/?product=oncomedical-jetcan-safe-ii-sa-non-carotante","title":{"rendered":"Oncomedical &#8211; Jetcan\u00ae Safe II SA NON CAROTANTE"},"content":{"rendered":"<p>20 G 0,9 x 25 mm<\/p>\n<p>La cannula di sicurezza pi\u00f9 venduta per forare i sistemi portuali impiantati in Svizzera. Senza DEHP e senza lattice, compatibile con RMI e non siliconato, adatto per l&#8217;iniezione ad alta pressione fino a una pressione di 21 bar \/ 300 psi. Piastra inferiore trasparente per un&#8217;ispezione visiva del sito di puntura. Il cuscinetto in schiuma a forma di anello previene i punti di pressione e le irritazioni della pelle. Design dell&#8217;ago il pi\u00f9 piatto possibile per un fissaggio sicuro e quindi un elevato comfort per il paziente, la piastra inferiore mobile pu\u00f2 compensare le differenze di lunghezza durante l&#8217;uso della cannula. Grazie alla facile gestione, \u00e8 possibile mantenere il normale flusso di lavoro. Il meccanismo di sicurezza riduce facilmente e in modo affidabile il rischio di lesioni da aghi. Fornisce la massima protezione contro le infezioni nosocomiali attraverso la &#8220;tenda&#8221; di plastica integrata.<\/p>\n","protected":false},"excerpt":{"rendered":"<p>20 G 0,9 x 25 mm La cannula di sicurezza pi\u00f9 venduta per forare i sistemi portuali impiantati in Svizzera.&hellip;<\/p>\n","protected":false},"featured_media":0,"template":"","meta":[],"product_brand":[],"product_cat":[38],"product_tag":[],"class_list":{"0":"post-1222","1":"product","2":"type-product","3":"status-publish","5":"product_cat-accessori-e-dispositivi-per-prelievi-ematici-picc-avi","7":"first","8":"instock","9":"shipping-taxable","10":"purchasable","11":"product-type-simple"},"_links":{"self":[{"href":"https:\/\/homecare.farmaciepedroni.com\/index.php?rest_route=\/wp\/v2\/product\/1222","targetHints":{"allow":["GET"]}}],"collection":[{"href":"https:\/\/homecare.farmaciepedroni.com\/index.php?rest_route=\/wp\/v2\/product"}],"about":[{"href":"https:\/\/homecare.farmaciepedroni.com\/index.php?rest_route=\/wp\/v2\/types\/product"}],"wp:attachment":[{"href":"https:\/\/homecare.farmaciepedroni.com\/index.php?rest_route=%2Fwp%2Fv2%2Fmedia&parent=1222"}],"wp:term":[{"taxonomy":"product_brand","embeddable":true,"href":"https:\/\/homecare.farmaciepedroni.com\/index.php?rest_route=%2Fwp%2Fv2%2Fproduct_brand&post=1222"},{"taxonomy":"product_cat","embeddable":true,"href":"https:\/\/homecare.farmaciepedroni.com\/index.php?rest_route=%2Fwp%2Fv2%2Fproduct_cat&post=1222"},{"taxonomy":"product_tag","embeddable":true,"href":"https:\/\/homecare.farmaciepedroni.com\/index.php?rest_route=%2Fwp%2Fv2%2Fproduct_tag&post=1222"}],"curies":[{"name":"wp","href":"https:\/\/api.w.org\/{rel}","templated":true}]}}